{"id":53,"date":"2021-03-28T09:25:29","date_gmt":"2021-03-28T09:25:29","guid":{"rendered":"https:\/\/prlic.biz\/?page_id=53"},"modified":"2021-04-01T01:08:48","modified_gmt":"2021-04-01T01:08:48","slug":"page-2","status":"publish","type":"page","link":"https:\/\/prlic.biz\/?page_id=53","title":{"rendered":"O nama"},"content":{"rendered":"<p style=\"text-align: justify;\">Prli\u0107 d.o.o. sa sjedi\u0161tem u ulici Stjepana Radi\u0107a b.b., op\u0107ina \u017dep\u010de renomirani je bosanskohercegova\u010dki proizvo\u0111a\u010d proizvoda na bazi hrastovog drveta.<\/p>\n<p style=\"text-align: justify;\">Poduze\u0107e je osnovano 2001. godine, kao dru\u0161tvo za obavljanje transporta i trgovine. 2014. godine dolazi do izmjene u vlasni\u010dkoj strukturi, te se dru\u0161tvo po\u010dinje baviti izradom proizvoda na bazi hrastovog drveta.<\/p>\n<p style=\"text-align: justify;\">U po\u010detku glavni proizvod je bio izrada du\u017eica za &#8220;Barrique&#8221; ba\u010dve. Nedugo poslije u\u0161li smo u proizvodnju namje\u0161taja za unutarnja i vanjska opremanja. Investiranjem u novi poslovni prostor i opremu dizajnirali smo nove proizvode, tj. rustikalne plo\u010de stolova iz jednog komada, te izrada stolova u kombinaciji drvo-epoxid.<\/p>\n<p style=\"text-align: justify;\">Bogato iskustvo i inovativni proizvodi doprinijeli su brzom razvoju poduze\u0107a u jednog prepoznatljivog prera\u0111iva\u010da drveta. Svaki na\u0161 proizvod te\u017eimo dovesti do perfekcije, pa\u017eljivo odabrani materijali, iskustvo i spoj moderne i tradicionalne obrade drveta jam\u010de kvalitet i trajnost na\u0161ih proizvoda.<\/p>\n<p style=\"text-align: justify;\">Izradom atraktivnog, modernog i funkcionalnog namje\u0161taja stvorili smo prepoznatljiv brend u svijetu. Koriste\u0107i na\u0161e kapacitete i stru\u010dni kadar, te na\u0161e kooperante, spremno odgovaramo svim izazovima doma\u0107eg i svjetskog tr\u017ei\u0161ta.<\/p>\n<p>\u00a0<\/p>\n\n<div data-block-name=\"woocommerce\/product-search\" data-form-id=\"wc-block-product-search-6\" class=\"wc-block-product-search wp-block-woocommerce-product-search\"><form role=\"search\" method=\"get\" action=\"https:\/\/prlic.biz\/\"><label for=\"wc-block-search__input-1\" class=\"wc-block-product-search__label\">Search<\/label>\n\t\t\t<div class=\"wc-block-product-search__fields\">\n\t\t\t\t<input type=\"search\" id=\"wc-block-search__input-1\" class=\"wc-block-product-search__field\" placeholder=\"Search products\u2026\" name=\"s\" \/><button type=\"submit\" class=\"wc-block-product-search__button\" aria-label=\"Search\">\n\t\t\t\t<svg aria-hidden=\"true\" role=\"img\" focusable=\"false\" class=\"dashicon dashicons-arrow-right-alt2\" xmlns=\"http:\/\/www.w3.org\/2000\/svg\" width=\"20\" height=\"20\" viewBox=\"0 0 20 20\">\n\t\t\t\t\t<path d=\"M6 15l5-5-5-5 1-2 7 7-7 7z\" \/>\n\t\t\t\t<\/svg>\n\t\t\t<\/button>\n\t\t\t\t<input type=\"hidden\" name=\"post_type\" value=\"product\" \/>\n\t\t\t<\/div>\n\t\t<\/form><\/div>\n\n\n<p><\/p>\n","protected":false},"excerpt":{"rendered":"<p>Prli\u0107 d.o.o. sa sjedi\u0161tem u ulici Stjepana Radi\u0107a b.b., op\u0107ina \u017dep\u010de renomirani je bosanskohercegova\u010dki proizvo\u0111a\u010d proizvoda na bazi hrastovog drveta. Poduze\u0107e je osnovano 2001. godine, kao dru\u0161tvo za obavljanje transporta i trgovine. 2014. godine dolazi do izmjene u vlasni\u010dkoj strukturi, te se dru\u0161tvo po\u010dinje baviti izradom proizvoda na bazi hrastovog drveta. U po\u010detku glavni proizvod [&hellip;]<\/p>\n","protected":false},"author":1,"featured_media":0,"parent":0,"menu_order":0,"comment_status":"closed","ping_status":"closed","template":"page-template\/page-with-right-sidebar.php","meta":{"_regular_price":[],"currency_symbol":[],"_monsterinsights_skip_tracking":false,"_monsterinsights_sitenote_active":false,"_monsterinsights_sitenote_note":"","_monsterinsights_sitenote_category":0,"footnotes":""},"class_list":["post-53","page","type-page","status-publish","hentry"],"aioseo_notices":[],"post_slider_layout_featured_media_urls":{"thumbnail":"","post_slider_layout_landscape_large":"","post_slider_layout_portrait_large":"","post_slider_layout_square_large":"","post_slider_layout_landscape":"","post_slider_layout_portrait":"","post_slider_layout_square":"","full":""},"_links":{"self":[{"href":"https:\/\/prlic.biz\/index.php?rest_route=\/wp\/v2\/pages\/53","targetHints":{"allow":["GET"]}}],"collection":[{"href":"https:\/\/prlic.biz\/index.php?rest_route=\/wp\/v2\/pages"}],"about":[{"href":"https:\/\/prlic.biz\/index.php?rest_route=\/wp\/v2\/types\/page"}],"author":[{"embeddable":true,"href":"https:\/\/prlic.biz\/index.php?rest_route=\/wp\/v2\/users\/1"}],"replies":[{"embeddable":true,"href":"https:\/\/prlic.biz\/index.php?rest_route=%2Fwp%2Fv2%2Fcomments&post=53"}],"version-history":[{"count":7,"href":"https:\/\/prlic.biz\/index.php?rest_route=\/wp\/v2\/pages\/53\/revisions"}],"predecessor-version":[{"id":352,"href":"https:\/\/prlic.biz\/index.php?rest_route=\/wp\/v2\/pages\/53\/revisions\/352"}],"wp:attachment":[{"href":"https:\/\/prlic.biz\/index.php?rest_route=%2Fwp%2Fv2%2Fmedia&parent=53"}],"curies":[{"name":"wp","href":"https:\/\/api.w.org\/{rel}","templated":true}]}}