{"id":54,"date":"2021-03-28T09:25:29","date_gmt":"2021-03-28T09:25:29","guid":{"rendered":"https:\/\/prlic.biz\/?page_id=54"},"modified":"2021-03-28T15:24:13","modified_gmt":"2021-03-28T15:24:13","slug":"contact-2","status":"publish","type":"page","link":"https:\/\/prlic.biz\/?page_id=54","title":{"rendered":"Kontakt"},"content":{"rendered":"\n<div class=\"wp-block-ive-ibtana-visual-editorheading\"><div class=\"ive-advanced-text-wrap ive-div-advance-text_1f60ff-64 undefined text-center text-md-center text-lg-left text-xl-left\"><div class=\"ive-text-option-parent\"><i class=\"fas fa-map-marker-alt ive-paragraph-icon\"><\/i><\/div><h1 class=\"ive-heading-parent ive-advanced-text-inner-wrap ive-adv-advance-text_1f60ff-64 ive-lh-xs-30 ive-lh-sm-30 ive-lh-md-30 ive-lh-lg-30 ive-lh-xl-25\" id=\"ive-adv-advance-text_1f60ff-64\"><strong>Adresa<\/strong><br>Ulica Stjepana Radi\u0107a bb,<br>72230 \u017dep\u010de, FBiH<br>Bosna i Hercegovina<br><br><br><\/h1><\/div><\/div>\n\n\n\n<div class=\"wp-block-ive-ibtana-visual-editorheading\"><div class=\"ive-advanced-text-wrap ive-div-advance-text_a5db60-0e undefined text-center text-md-center text-lg-left text-xl-left\"><div class=\"ive-text-option-parent\"><i class=\"fas fa-phone-volume ive-paragraph-icon\"><\/i><\/div><h1 class=\"ive-heading-parent ive-advanced-text-inner-wrap ive-adv-advance-text_a5db60-0e ive-lh-xs-30 ive-lh-sm-30 ive-lh-md-30 ive-lh-lg-30 ive-lh-xl-30\" id=\"ive-adv-advance-text_a5db60-0e\"><strong>Telefon<\/strong><br>Tel\/fax: +387-32\/880-212<br>Mob.: +387-63\/165-417<br>Mob.: +387-63\/358-187<br>Mob.: +387-63\/503-021<br>Mob.: +387-63\/623-709<br><br><br><\/h1><\/div><\/div>\n\n\n\n<div class=\"wp-block-ive-ibtana-visual-editorheading\"><div class=\"ive-advanced-text-wrap ive-div-advance-text_a963cf-02 undefined text-center text-md-center text-lg-left text-xl-left\"><div class=\"ive-text-option-parent\"><i class=\"fas fa-envelope ive-paragraph-icon\"><\/i><\/div><h2 class=\"ive-heading-parent ive-advanced-text-inner-wrap ive-adv-advance-text_a963cf-02 ive-lh-xs-30 ive-lh-sm-30 ive-lh-md-30 ive-lh-lg-30 ive-lh-xl-30\" id=\"ive-adv-advance-text_a963cf-02\"><strong>Email adresa<\/strong><br>info@prlic.biz<br><br><br><\/h2><\/div><\/div>\n\n\n\n<div class=\"wp-block-ive-ibtana-visual-editorheading\"><div class=\"ive-advanced-text-wrap ive-div-advance-text_40e4e4-cb undefined text-center text-md-center text-lg-left text-xl-left\"><div class=\"ive-text-option-parent\"><i class=\"fas fa-question ive-paragraph-icon\"><\/i><\/div><h2 class=\"ive-heading-parent ive-advanced-text-inner-wrap ive-adv-advance-text_40e4e4-cb ive-lh-xs-30 ive-lh-sm-30 ive-lh-md-30 ive-lh-lg-30 ive-lh-xl-30\" id=\"ive-adv-advance-text_40e4e4-cb\"><strong>Po\u0161aljite upit<\/strong><br><br><\/h2><\/div><\/div>\n\n\n\n<div class=\"wp-block-contact-form-7-contact-form-selector\">\n<div class=\"wpcf7 no-js\" id=\"wpcf7-f106-o1\" lang=\"en-US\" dir=\"ltr\" data-wpcf7-id=\"106\">\n<div class=\"screen-reader-response\"><p role=\"status\" aria-live=\"polite\" aria-atomic=\"true\"><\/p> <ul><\/ul><\/div>\n<form action=\"\/index.php?rest_route=%2Fwp%2Fv2%2Fpages%2F54#wpcf7-f106-o1\" method=\"post\" class=\"wpcf7-form init\" aria-label=\"Contact form\" novalidate=\"novalidate\" data-status=\"init\">\n<fieldset class=\"hidden-fields-container\"><input type=\"hidden\" name=\"_wpcf7\" value=\"106\" \/><input type=\"hidden\" name=\"_wpcf7_version\" value=\"6.1.5\" \/><input type=\"hidden\" name=\"_wpcf7_locale\" value=\"en_US\" \/><input type=\"hidden\" name=\"_wpcf7_unit_tag\" value=\"wpcf7-f106-o1\" \/><input type=\"hidden\" name=\"_wpcf7_container_post\" value=\"0\" \/><input type=\"hidden\" name=\"_wpcf7_posted_data_hash\" value=\"\" \/>\n<\/fieldset>\n<p><label> Ime i prezime<br \/>\n<span class=\"wpcf7-form-control-wrap\" data-name=\"your-name\"><input size=\"40\" maxlength=\"400\" class=\"wpcf7-form-control wpcf7-text wpcf7-validates-as-required\" aria-required=\"true\" aria-invalid=\"false\" value=\"\" type=\"text\" name=\"your-name\" \/><\/span> <\/label>\n<\/p>\n<p><label> Email adresa<br \/>\n<span class=\"wpcf7-form-control-wrap\" data-name=\"your-email\"><input size=\"40\" maxlength=\"400\" class=\"wpcf7-form-control wpcf7-email wpcf7-validates-as-required wpcf7-text wpcf7-validates-as-email\" aria-required=\"true\" aria-invalid=\"false\" value=\"\" type=\"email\" name=\"your-email\" \/><\/span> <\/label>\n<\/p>\n<p><label> Poruka<br \/>\n<span class=\"wpcf7-form-control-wrap\" data-name=\"your-message\"><textarea cols=\"40\" rows=\"10\" maxlength=\"2000\" class=\"wpcf7-form-control wpcf7-textarea\" aria-invalid=\"false\" name=\"your-message\"><\/textarea><\/span> <\/label>\n<\/p>\n<p><input class=\"wpcf7-form-control wpcf7-submit has-spinner\" type=\"submit\" value=\"Po\u0161alji\" \/>\n<\/p><div class=\"wpcf7-response-output\" aria-hidden=\"true\"><\/div>\n<\/form>\n<\/div>\n<\/div>\n\n\n\n<p><\/p>\n","protected":false},"excerpt":{"rendered":"","protected":false},"author":1,"featured_media":0,"parent":0,"menu_order":0,"comment_status":"closed","ping_status":"closed","template":"page-template\/contact.php","meta":{"_regular_price":[],"currency_symbol":[],"_monsterinsights_skip_tracking":false,"_monsterinsights_sitenote_active":false,"_monsterinsights_sitenote_note":"","_monsterinsights_sitenote_category":0,"footnotes":""},"class_list":["post-54","page","type-page","status-publish","hentry"],"aioseo_notices":[],"post_slider_layout_featured_media_urls":{"thumbnail":"","post_slider_layout_landscape_large":"","post_slider_layout_portrait_large":"","post_slider_layout_square_large":"","post_slider_layout_landscape":"","post_slider_layout_portrait":"","post_slider_layout_square":"","full":""},"_links":{"self":[{"href":"https:\/\/prlic.biz\/index.php?rest_route=\/wp\/v2\/pages\/54","targetHints":{"allow":["GET"]}}],"collection":[{"href":"https:\/\/prlic.biz\/index.php?rest_route=\/wp\/v2\/pages"}],"about":[{"href":"https:\/\/prlic.biz\/index.php?rest_route=\/wp\/v2\/types\/page"}],"author":[{"embeddable":true,"href":"https:\/\/prlic.biz\/index.php?rest_route=\/wp\/v2\/users\/1"}],"replies":[{"embeddable":true,"href":"https:\/\/prlic.biz\/index.php?rest_route=%2Fwp%2Fv2%2Fcomments&post=54"}],"version-history":[{"count":21,"href":"https:\/\/prlic.biz\/index.php?rest_route=\/wp\/v2\/pages\/54\/revisions"}],"predecessor-version":[{"id":172,"href":"https:\/\/prlic.biz\/index.php?rest_route=\/wp\/v2\/pages\/54\/revisions\/172"}],"wp:attachment":[{"href":"https:\/\/prlic.biz\/index.php?rest_route=%2Fwp%2Fv2%2Fmedia&parent=54"}],"curies":[{"name":"wp","href":"https:\/\/api.w.org\/{rel}","templated":true}]}}