{"id":554,"date":"2021-05-04T12:24:14","date_gmt":"2021-05-04T12:24:14","guid":{"rendered":"https:\/\/prlic.biz\/?post_type=product&#038;p=554"},"modified":"2022-12-28T21:32:25","modified_gmt":"2022-12-28T21:32:25","slug":"kucica-za-ljubimca","status":"publish","type":"product","link":"https:\/\/prlic.biz\/?product=kucica-za-ljubimca","title":{"rendered":"Ku\u0107ica za ljubimca"},"content":{"rendered":"","protected":false},"excerpt":{"rendered":"<p>U ponudi imamo unikatne ku\u0107ice za va\u0161e ljubimce. Dimenzije po \u017eelji kupca.<\/p>\n","protected":false},"featured_media":555,"comment_status":"open","ping_status":"closed","template":"","meta":{"_regular_price":[],"currency_symbol":[],"_monsterinsights_skip_tracking":false,"_monsterinsights_sitenote_active":false,"_monsterinsights_sitenote_note":"","_monsterinsights_sitenote_category":0},"product_brand":[],"product_cat":[22],"product_tag":[],"class_list":{"0":"post-554","1":"product","2":"type-product","3":"status-publish","4":"has-post-thumbnail","6":"product_cat-uncategorized","8":"first","9":"instock","10":"shipping-taxable","11":"product-type-simple"},"aioseo_notices":[],"post_slider_layout_featured_media_urls":{"thumbnail":["https:\/\/prlic.biz\/wp-content\/uploads\/2021\/05\/Kucica-za-ljubimca-150x150.jpg",150,150,true],"post_slider_layout_landscape_large":["https:\/\/prlic.biz\/wp-content\/uploads\/2021\/05\/Kucica-za-ljubimca.jpg",270,290,false],"post_slider_layout_portrait_large":["https:\/\/prlic.biz\/wp-content\/uploads\/2021\/05\/Kucica-za-ljubimca.jpg",270,290,false],"post_slider_layout_square_large":["https:\/\/prlic.biz\/wp-content\/uploads\/2021\/05\/Kucica-za-ljubimca.jpg",270,290,false],"post_slider_layout_landscape":["https:\/\/prlic.biz\/wp-content\/uploads\/2021\/05\/Kucica-za-ljubimca.jpg",270,290,false],"post_slider_layout_portrait":["https:\/\/prlic.biz\/wp-content\/uploads\/2021\/05\/Kucica-za-ljubimca.jpg",270,290,false],"post_slider_layout_square":["https:\/\/prlic.biz\/wp-content\/uploads\/2021\/05\/Kucica-za-ljubimca.jpg",270,290,false],"full":["https:\/\/prlic.biz\/wp-content\/uploads\/2021\/05\/Kucica-za-ljubimca.jpg",270,290,false]},"_links":{"self":[{"href":"https:\/\/prlic.biz\/index.php?rest_route=\/wp\/v2\/product\/554","targetHints":{"allow":["GET"]}}],"collection":[{"href":"https:\/\/prlic.biz\/index.php?rest_route=\/wp\/v2\/product"}],"about":[{"href":"https:\/\/prlic.biz\/index.php?rest_route=\/wp\/v2\/types\/product"}],"replies":[{"embeddable":true,"href":"https:\/\/prlic.biz\/index.php?rest_route=%2Fwp%2Fv2%2Fcomments&post=554"}],"wp:featuredmedia":[{"embeddable":true,"href":"https:\/\/prlic.biz\/index.php?rest_route=\/wp\/v2\/media\/555"}],"wp:attachment":[{"href":"https:\/\/prlic.biz\/index.php?rest_route=%2Fwp%2Fv2%2Fmedia&parent=554"}],"wp:term":[{"taxonomy":"product_brand","embeddable":true,"href":"https:\/\/prlic.biz\/index.php?rest_route=%2Fwp%2Fv2%2Fproduct_brand&post=554"},{"taxonomy":"product_cat","embeddable":true,"href":"https:\/\/prlic.biz\/index.php?rest_route=%2Fwp%2Fv2%2Fproduct_cat&post=554"},{"taxonomy":"product_tag","embeddable":true,"href":"https:\/\/prlic.biz\/index.php?rest_route=%2Fwp%2Fv2%2Fproduct_tag&post=554"}],"curies":[{"name":"wp","href":"https:\/\/api.w.org\/{rel}","templated":true}]}}